{"id":1201,"date":"2024-02-05T13:45:17","date_gmt":"2024-02-05T13:45:17","guid":{"rendered":"https:\/\/www.kevinkabona.fr\/?page_id=1201"},"modified":"2024-06-10T08:21:16","modified_gmt":"2024-06-10T08:21:16","slug":"blog","status":"publish","type":"page","link":"https:\/\/www.kevinkabona.fr\/?page_id=1201","title":{"rendered":"Blog"},"content":{"rendered":"\t\t<div data-elementor-type=\"wp-page\" data-elementor-id=\"1201\" class=\"elementor elementor-1201\" data-elementor-settings=\"{&quot;ha_cmc_init_switcher&quot;:&quot;no&quot;}\" data-elementor-post-type=\"page\">\n\t\t\t\t\t\t<section class=\"elementor-section elementor-top-section elementor-element elementor-element-2c1d0b1a elementor-section-full_width elementor-section-content-middle elementor-reverse-mobile elementor-section-height-default elementor-section-height-default\" data-id=\"2c1d0b1a\" data-element_type=\"section\" data-e-type=\"section\" data-settings=\"{&quot;background_background&quot;:&quot;classic&quot;,&quot;_ha_eqh_enable&quot;:false}\">\n\t\t\t\t\t\t\t<div class=\"elementor-background-overlay\"><\/div>\n\t\t\t\t\t\t\t<div class=\"elementor-container elementor-column-gap-default\">\n\t\t\t\t\t<div class=\"elementor-column elementor-col-100 elementor-top-column elementor-element elementor-element-1dae1071\" data-id=\"1dae1071\" data-element_type=\"column\" data-e-type=\"column\">\n\t\t\t<div class=\"elementor-widget-wrap elementor-element-populated\">\n\t\t\t\t\t\t<div class=\"elementor-element elementor-element-76f21d9e elementor-widget elementor-widget-heading\" data-id=\"76f21d9e\" data-element_type=\"widget\" data-e-type=\"widget\" data-widget_type=\"heading.default\">\n\t\t\t\t<div class=\"elementor-widget-container\">\n\t\t\t\t\t<h2 class=\"elementor-heading-title elementor-size-default\">Dernier article<\/h2>\t\t\t\t<\/div>\n\t\t\t\t<\/div>\n\t\t\t\t<div class=\"elementor-element elementor-element-f45fcc8 anwp-pg-widget-header-style--b anwp-pg-post-teaser__post-icon--size-16 elementor-widget elementor-widget-anwp-pg-classic-grid\" data-id=\"f45fcc8\" data-element_type=\"widget\" data-e-type=\"widget\" data-widget_type=\"anwp-pg-classic-grid.default\">\n\t\t\t\t<div class=\"elementor-widget-container\">\n\t\t\t\t\t<div class=\"anwp-pg-wrap\">\n\n\t\n\t<div class=\"d-flex anwp-row flex-wrap anwp-pg-classic-grid anwp-pg-posts-wrapper\">\n\t\t<div class=\"anwp-pg-post-teaser anwp-pg-post-teaser--inner-cover-link anwp-pg-post-teaser--layout-d d-flex flex-column anwp-col-lg-12 anwp-col-sm-6 anwp-col-12\">\n\t<div class=\"anwp-pg-post-teaser__thumbnail position-relative\">\n\n\t\t\n\t\t\n\t\t\t\t\t<div class=\"anwp-pg-post-teaser__thumbnail-img anwp-pg-height-480\"\n\t\t\t\tstyle=\"background-image: url(https:\/\/www.kevinkabona.fr\/wp-content\/uploads\/2024\/02\/kevinkabona_Writing_the_book_The_author_writes_the_book_whether_81a99b04-a18a-40ba-92d4-21b455cfb43d.webp)\">\n\t\t\t<\/div>\n\t\t\n\t\t<div class=\"anwp-pg-post-teaser__thumbnail-bg anwp-position-cover\"><\/div>\n\n\t\t<a class=\"anwp-position-cover anwp-link-without-effects\" href=\"https:\/\/www.kevinkabona.fr\/?p=1207\" aria-hidden=\"true\" ><\/a>\n\t<\/div>\n\n\t<div class=\"anwp-pg-post-teaser__content flex-grow-1 pt-1 d-flex flex-column\">\n\n\t\t<div class=\"anwp-pg-post-teaser__title anwp-font-heading mt-2\">\n\t\t\t<a class=\"anwp-link-without-effects\" href=\"https:\/\/www.kevinkabona.fr\/?p=1207\" aria-hidden=\"true\" >\n\t\t\t\tPourquoi j&rsquo;ai choisi l&rsquo;auto\u00e9dition ?\t\t\t<\/a>\n\t\t<\/div>\n\n\t\t<div class=\"anwp-pg-post-teaser__bottom-meta d-flex flex-wrap\">\n\n\t\t\t\n\t\t\t\t\t<\/div>\n\n\t\t\n\t\t\n\t<\/div>\n\n<\/div>\n\t<\/div>\n\t\n\t<\/div>\n\t\t\t\t<\/div>\n\t\t\t\t<\/div>\n\t\t\t\t\t<\/div>\n\t\t<\/div>\n\t\t\t\t\t<\/div>\n\t\t<\/section>\n\t\t\t\t<section class=\"elementor-section elementor-top-section elementor-element elementor-element-64ef059 elementor-section-boxed elementor-section-height-default elementor-section-height-default\" data-id=\"64ef059\" data-element_type=\"section\" data-e-type=\"section\" data-settings=\"{&quot;_ha_eqh_enable&quot;:false}\">\n\t\t\t\t\t\t<div class=\"elementor-container elementor-column-gap-default\">\n\t\t\t\t\t<div class=\"elementor-column elementor-col-66 elementor-top-column elementor-element elementor-element-a4804fe\" data-id=\"a4804fe\" data-element_type=\"column\" data-e-type=\"column\">\n\t\t\t<div class=\"elementor-widget-wrap elementor-element-populated\">\n\t\t\t\t\t\t<div class=\"elementor-element elementor-element-c0bc2b5 nopin anwp-pg-widget-header-style--b anwp-pg-post-teaser__post-icon--size-16 elementor-widget elementor-widget-anwp-pg-classic-grid\" data-id=\"c0bc2b5\" data-element_type=\"widget\" data-e-type=\"widget\" id=\"nopin\" data-widget_type=\"anwp-pg-classic-grid.default\">\n\t\t\t\t<div class=\"elementor-widget-container\">\n\t\t\t\t\t<div class=\"anwp-pg-wrap\">\n\n\t\n\t<div class=\"d-flex anwp-row flex-wrap anwp-pg-classic-grid anwp-pg-posts-wrapper\">\n\t\t<div class=\"anwp-pg-post-teaser anwp-pg-post-teaser--inner-cover-link anwp-pg-post-teaser--layout-d d-flex flex-column anwp-col-lg-6 anwp-col-sm-6 anwp-col-12\">\n\t<div class=\"anwp-pg-post-teaser__thumbnail position-relative\">\n\n\t\t\n\t\t\n\t\t\t\t\t<div class=\"anwp-pg-post-teaser__thumbnail-img anwp-pg-height-350 anwp-pg-sm-height-400 anwp-pg-lg-height-400\"\n\t\t\t\tstyle=\"background-image: url(https:\/\/www.kevinkabona.fr\/wp-content\/uploads\/2024\/02\/kevinkabona_Writing_the_book_The_author_writes_the_book_whether_65daa7bf-3d10-48b3-9588-bb65e7d52135.webp)\">\n\t\t\t<\/div>\n\t\t\n\t\t<div class=\"anwp-pg-post-teaser__thumbnail-bg anwp-position-cover\"><\/div>\n\n\t\t<a class=\"anwp-position-cover anwp-link-without-effects\" href=\"https:\/\/www.kevinkabona.fr\/?p=1195\" aria-hidden=\"true\" ><\/a>\n\t<\/div>\n\n\t<div class=\"anwp-pg-post-teaser__content flex-grow-1 pt-1 d-flex flex-column\">\n\n\t\t<div class=\"anwp-pg-post-teaser__title anwp-font-heading mt-2\">\n\t\t\t<a class=\"anwp-link-without-effects\" href=\"https:\/\/www.kevinkabona.fr\/?p=1195\" aria-hidden=\"true\" >\n\t\t\t\tL&rsquo;\u00e9criture, r\u00e9serv\u00e9 \u00e0 une \u00e9lite ?\t\t\t<\/a>\n\t\t<\/div>\n\n\t\t<div class=\"anwp-pg-post-teaser__bottom-meta d-flex flex-wrap\">\n\n\t\t\t\n\t\t\t\t\t<\/div>\n\n\t\t\n\t\t\n\t<\/div>\n\n<\/div>\n<div class=\"anwp-pg-post-teaser anwp-pg-post-teaser--inner-cover-link anwp-pg-post-teaser--layout-d d-flex flex-column anwp-col-lg-6 anwp-col-sm-6 anwp-col-12\">\n\t<div class=\"anwp-pg-post-teaser__thumbnail position-relative\">\n\n\t\t\n\t\t\n\t\t\t\t\t<div class=\"anwp-pg-post-teaser__thumbnail-img anwp-pg-height-350 anwp-pg-sm-height-400 anwp-pg-lg-height-400\"\n\t\t\t\tstyle=\"background-image: url(https:\/\/www.kevinkabona.fr\/wp-content\/uploads\/2023\/08\/Article-1-La-naissance-d_une-passion.webp)\">\n\t\t\t<\/div>\n\t\t\n\t\t<div class=\"anwp-pg-post-teaser__thumbnail-bg anwp-position-cover\"><\/div>\n\n\t\t<a class=\"anwp-position-cover anwp-link-without-effects\" href=\"https:\/\/www.kevinkabona.fr\/?p=1\" aria-hidden=\"true\" ><\/a>\n\t<\/div>\n\n\t<div class=\"anwp-pg-post-teaser__content flex-grow-1 pt-1 d-flex flex-column\">\n\n\t\t<div class=\"anwp-pg-post-teaser__title anwp-font-heading mt-2\">\n\t\t\t<a class=\"anwp-link-without-effects\" href=\"https:\/\/www.kevinkabona.fr\/?p=1\" aria-hidden=\"true\" >\n\t\t\t\tTrouver sa passion\t\t\t<\/a>\n\t\t<\/div>\n\n\t\t<div class=\"anwp-pg-post-teaser__bottom-meta d-flex flex-wrap\">\n\n\t\t\t\n\t\t\t\t\t<\/div>\n\n\t\t\n\t\t\n\t<\/div>\n\n<\/div>\n\t<\/div>\n\t\n\t<\/div>\n\t\t\t\t<\/div>\n\t\t\t\t<\/div>\n\t\t\t\t\t<\/div>\n\t\t<\/div>\n\t\t\t\t<div class=\"elementor-column elementor-col-33 elementor-top-column elementor-element elementor-element-7fb9704 elementor-hidden-tablet elementor-hidden-mobile\" data-id=\"7fb9704\" data-element_type=\"column\" data-e-type=\"column\">\n\t\t\t<div class=\"elementor-widget-wrap elementor-element-populated\">\n\t\t\t\t\t\t<div class=\"elementor-element elementor-element-37e2285 elementor-widget elementor-widget-shortcode\" data-id=\"37e2285\" data-element_type=\"widget\" data-e-type=\"widget\" data-widget_type=\"shortcode.default\">\n\t\t\t\t<div class=\"elementor-widget-container\">\n\t\t\t\t\t\t\t<div class=\"elementor-shortcode\">\t\t<div data-elementor-type=\"wp-post\" data-elementor-id=\"1123\" class=\"elementor elementor-1123\" data-elementor-settings=\"{&quot;ha_cmc_init_switcher&quot;:&quot;no&quot;}\" data-elementor-post-type=\"elementor-hf\">\n\t\t\t\t\t\t<section class=\"elementor-section elementor-top-section elementor-element elementor-element-a3ed228 elementor-section-boxed elementor-section-height-default elementor-section-height-default\" data-id=\"a3ed228\" data-element_type=\"section\" data-e-type=\"section\" data-settings=\"{&quot;_ha_eqh_enable&quot;:false}\">\n\t\t\t\t\t\t<div class=\"elementor-container elementor-column-gap-default\">\n\t\t\t\t\t<div class=\"elementor-column elementor-col-100 elementor-top-column elementor-element elementor-element-518a543\" data-id=\"518a543\" data-element_type=\"column\" data-e-type=\"column\">\n\t\t\t<div class=\"elementor-widget-wrap elementor-element-populated\">\n\t\t\t\t\t\t<div class=\"elementor-element elementor-element-4eef559 nopin elementor-widget elementor-widget-image\" data-id=\"4eef559\" data-element_type=\"widget\" data-e-type=\"widget\" id=\"nopin\" data-widget_type=\"image.default\">\n\t\t\t\t<div class=\"elementor-widget-container\">\n\t\t\t\t\t\t\t\t\t\t\t\t\t\t\t<img fetchpriority=\"high\" decoding=\"async\" width=\"1024\" height=\"1024\" src=\"https:\/\/www.kevinkabona.fr\/wp-content\/uploads\/2024\/02\/IMG_20230715_084708_706-1024x1024.webp\" class=\"attachment-large size-large wp-image-1530\" alt=\"Kevin Kabona auteur\" srcset=\"https:\/\/www.kevinkabona.fr\/wp-content\/uploads\/2024\/02\/IMG_20230715_084708_706-1024x1024.webp 1024w, https:\/\/www.kevinkabona.fr\/wp-content\/uploads\/2024\/02\/IMG_20230715_084708_706-300x300.webp 300w, https:\/\/www.kevinkabona.fr\/wp-content\/uploads\/2024\/02\/IMG_20230715_084708_706-150x150.webp 150w, https:\/\/www.kevinkabona.fr\/wp-content\/uploads\/2024\/02\/IMG_20230715_084708_706-768x768.webp 768w, https:\/\/www.kevinkabona.fr\/wp-content\/uploads\/2024\/02\/IMG_20230715_084708_706-1536x1536.webp 1536w, https:\/\/www.kevinkabona.fr\/wp-content\/uploads\/2024\/02\/IMG_20230715_084708_706-600x600.webp 600w, https:\/\/www.kevinkabona.fr\/wp-content\/uploads\/2024\/02\/IMG_20230715_084708_706-100x100.webp 100w, https:\/\/www.kevinkabona.fr\/wp-content\/uploads\/2024\/02\/IMG_20230715_084708_706-64x64.webp 64w, https:\/\/www.kevinkabona.fr\/wp-content\/uploads\/2024\/02\/IMG_20230715_084708_706.webp 1589w\" sizes=\"(max-width: 1024px) 100vw, 1024px\" \/>\t\t\t\t\t\t\t\t\t\t\t\t\t\t\t<\/div>\n\t\t\t\t<\/div>\n\t\t\t\t<div class=\"elementor-element elementor-element-a1416e4 elementor-widget elementor-widget-heading\" data-id=\"a1416e4\" data-element_type=\"widget\" data-e-type=\"widget\" data-widget_type=\"heading.default\">\n\t\t\t\t<div class=\"elementor-widget-container\">\n\t\t\t\t\t<h2 class=\"elementor-heading-title elementor-size-default\">Kevin Kabona<\/h2>\t\t\t\t<\/div>\n\t\t\t\t<\/div>\n\t\t\t\t<div class=\"elementor-element elementor-element-9a271a5 elementor-widget elementor-widget-text-editor\" data-id=\"9a271a5\" data-element_type=\"widget\" data-e-type=\"widget\" data-widget_type=\"text-editor.default\">\n\t\t\t\t<div class=\"elementor-widget-container\">\n\t\t\t\t\t\t\t\t\t<p><span style=\"color: #333333;\">Titulaire d&rsquo;un dipl\u00f4me de comptabilit\u00e9 et gestion, Kevin Kabona se d\u00e9couvre une passion pour l&rsquo;\u00e9criture peu avant la naissance de sa fille. Son nouveau r\u00f4le de papa le pousse \u00e0 passer \u00e0 l&rsquo;action et \u00e0 oser r\u00e9aliser ses r\u00eaves. En f\u00e9vrier 2020, il \u00e9crit les premi\u00e8res lignes de la trilogie Lucia, projet qui prendra de l&rsquo;ampleur au fil du temps. Quatre ans plus tard, le premier opus \u00ab\u00a0Myst\u00e8re autour de Nemephis\u00a0\u00bb s&rsquo;appr\u00eate \u00e0 rencontrer son public.<\/span><\/p>\t\t\t\t\t\t\t\t<\/div>\n\t\t\t\t<\/div>\n\t\t\t\t<div class=\"elementor-element elementor-element-6e69fa9 elementor-align-center elementor-widget elementor-widget-button\" data-id=\"6e69fa9\" data-element_type=\"widget\" data-e-type=\"widget\" data-widget_type=\"button.default\">\n\t\t\t\t<div class=\"elementor-widget-container\">\n\t\t\t\t\t\t\t\t\t<div class=\"elementor-button-wrapper\">\n\t\t\t\t\t<a class=\"elementor-button elementor-button-link elementor-size-sm\" href=\"https:\/\/www.kevinkabona.fr\/?page_id=9\">\n\t\t\t\t\t\t<span class=\"elementor-button-content-wrapper\">\n\t\t\t\t\t\t\t\t\t<span class=\"elementor-button-text\">En savoir plus<\/span>\n\t\t\t\t\t<\/span>\n\t\t\t\t\t<\/a>\n\t\t\t\t<\/div>\n\t\t\t\t\t\t\t\t<\/div>\n\t\t\t\t<\/div>\n\t\t\t\t<div class=\"elementor-element elementor-element-e15a698 elementor-search-form--skin-classic elementor-search-form--button-type-icon elementor-search-form--icon-search elementor-widget elementor-widget-search-form\" data-id=\"e15a698\" data-element_type=\"widget\" data-e-type=\"widget\" data-settings=\"{&quot;skin&quot;:&quot;classic&quot;}\" data-widget_type=\"search-form.default\">\n\t\t\t\t<div class=\"elementor-widget-container\">\n\t\t\t\t\t\t\t<search role=\"search\">\n\t\t\t<form class=\"elementor-search-form\" action=\"https:\/\/www.kevinkabona.fr\" method=\"get\">\n\t\t\t\t\t\t\t\t\t\t\t\t<div class=\"elementor-search-form__container\">\n\t\t\t\t\t<label class=\"elementor-screen-only\" for=\"elementor-search-form-e15a698\">Rechercher <\/label>\n\n\t\t\t\t\t\n\t\t\t\t\t<input id=\"elementor-search-form-e15a698\" placeholder=\"Rechercher ...\" class=\"elementor-search-form__input\" type=\"search\" name=\"s\" value=\"\">\n\t\t\t\t\t\n\t\t\t\t\t\t\t\t\t\t\t<button class=\"elementor-search-form__submit\" type=\"submit\" aria-label=\"Rechercher \">\n\t\t\t\t\t\t\t\t\t\t\t\t\t\t\t<i aria-hidden=\"true\" class=\"fas fa-search\"><\/i>\t\t\t\t\t\t\t\t<span class=\"elementor-screen-only\">Rechercher <\/span>\n\t\t\t\t\t\t\t\t\t\t\t\t\t<\/button>\n\t\t\t\t\t\n\t\t\t\t\t\t\t\t\t<\/div>\n\t\t\t<\/form>\n\t\t<\/search>\n\t\t\t\t\t\t<\/div>\n\t\t\t\t<\/div>\n\t\t\t\t<div class=\"elementor-element elementor-element-2dfc315 elementor-widget elementor-widget-heading\" data-id=\"2dfc315\" data-element_type=\"widget\" data-e-type=\"widget\" data-widget_type=\"heading.default\">\n\t\t\t\t<div class=\"elementor-widget-container\">\n\t\t\t\t\t<h3 class=\"elementor-heading-title elementor-size-default\">Derniers articles<\/h3>\t\t\t\t<\/div>\n\t\t\t\t<\/div>\n\t\t\t\t<div class=\"elementor-element elementor-element-3f357df elementor-widget elementor-widget-ha-post-list happy-addon ha-post-list\" data-id=\"3f357df\" data-element_type=\"widget\" data-e-type=\"widget\" data-widget_type=\"ha-post-list.default\">\n\t\t\t\t<div class=\"elementor-widget-container\">\n\t\t\t\t\t\t\t\t<div class=\"ha-post-list-wrapper\">\n\t\t\t\t<ul class=\"ha-post-list\" >\n\t\t\t\t\t\t\t\t\t\t\t<li class=\"ha-post-list-item\">\n\t\t\t\t\t\t\t<a href=\"https:\/\/www.kevinkabona.fr\/?p=1207\">\n\t\t\t\t\t\t\t\t<span class=\"ha-post-list-icon\"><i aria-hidden=\"true\" class=\"far fa-check-circle\"><\/i><\/span>\t\t\t\t\t\t\t\t<div class=\"ha-post-list-content\">\n\t\t\t\t\t\t\t\t\t<h2 class=\"ha-post-list-title\">Pourquoi j&#039;ai choisi l&#039;auto\u00e9dition ?<\/h2>\t\t\t\t\t\t\t\t\t\t\t\t\t\t\t\t\t\t\t\t\t\t\t\t\t\t\t\t\t\t\t\t\t\t\t<\/div>\n\t\t\t\t\t\t\t<\/a>\n\t\t\t\t\t\t<\/li>\n\t\t\t\t\t\t\t\t\t\t\t<li class=\"ha-post-list-item\">\n\t\t\t\t\t\t\t<a href=\"https:\/\/www.kevinkabona.fr\/?p=1195\">\n\t\t\t\t\t\t\t\t<span class=\"ha-post-list-icon\"><i aria-hidden=\"true\" class=\"far fa-check-circle\"><\/i><\/span>\t\t\t\t\t\t\t\t<div class=\"ha-post-list-content\">\n\t\t\t\t\t\t\t\t\t<h2 class=\"ha-post-list-title\">L&#039;\u00e9criture, r\u00e9serv\u00e9 \u00e0 une \u00e9lite ?<\/h2>\t\t\t\t\t\t\t\t\t\t\t\t\t\t\t\t\t\t\t\t\t\t\t\t\t\t\t\t\t\t\t\t\t\t\t<\/div>\n\t\t\t\t\t\t\t<\/a>\n\t\t\t\t\t\t<\/li>\n\t\t\t\t\t\t\t\t\t\t\t<li class=\"ha-post-list-item\">\n\t\t\t\t\t\t\t<a href=\"https:\/\/www.kevinkabona.fr\/?p=1\">\n\t\t\t\t\t\t\t\t<span class=\"ha-post-list-icon\"><i aria-hidden=\"true\" class=\"far fa-check-circle\"><\/i><\/span>\t\t\t\t\t\t\t\t<div class=\"ha-post-list-content\">\n\t\t\t\t\t\t\t\t\t<h2 class=\"ha-post-list-title\">Trouver sa passion<\/h2>\t\t\t\t\t\t\t\t\t\t\t\t\t\t\t\t\t\t\t\t\t\t\t\t\t\t\t\t\t\t\t\t\t\t\t<\/div>\n\t\t\t\t\t\t\t<\/a>\n\t\t\t\t\t\t<\/li>\n\t\t\t\t\t\t\t\t\t<\/ul>\n\t\t\t<\/div>\n\t\t\t\t\t\t\t<\/div>\n\t\t\t\t<\/div>\n\t\t\t\t<div class=\"elementor-element elementor-element-ae8dca5 nopin elementor-widget elementor-widget-image\" data-id=\"ae8dca5\" data-element_type=\"widget\" data-e-type=\"widget\" id=\"nopin\" data-widget_type=\"image.default\">\n\t\t\t\t<div class=\"elementor-widget-container\">\n\t\t\t\t\t\t\t\t\t\t\t\t\t\t\t<img decoding=\"async\" width=\"1024\" height=\"1024\" src=\"https:\/\/www.kevinkabona.fr\/wp-content\/uploads\/2024\/02\/Mystere-autour-de-Nemephis-3D-BOOK-1024x1024.webp\" class=\"attachment-large size-large wp-image-1529\" alt=\"Lucia Myst\u00e8re autour de Nemephis\" srcset=\"https:\/\/www.kevinkabona.fr\/wp-content\/uploads\/2024\/02\/Mystere-autour-de-Nemephis-3D-BOOK-1024x1024.webp 1024w, https:\/\/www.kevinkabona.fr\/wp-content\/uploads\/2024\/02\/Mystere-autour-de-Nemephis-3D-BOOK-300x300.webp 300w, https:\/\/www.kevinkabona.fr\/wp-content\/uploads\/2024\/02\/Mystere-autour-de-Nemephis-3D-BOOK-150x150.webp 150w, https:\/\/www.kevinkabona.fr\/wp-content\/uploads\/2024\/02\/Mystere-autour-de-Nemephis-3D-BOOK-768x768.webp 768w, https:\/\/www.kevinkabona.fr\/wp-content\/uploads\/2024\/02\/Mystere-autour-de-Nemephis-3D-BOOK-600x600.webp 600w, https:\/\/www.kevinkabona.fr\/wp-content\/uploads\/2024\/02\/Mystere-autour-de-Nemephis-3D-BOOK-100x100.webp 100w, https:\/\/www.kevinkabona.fr\/wp-content\/uploads\/2024\/02\/Mystere-autour-de-Nemephis-3D-BOOK-64x64.webp 64w, https:\/\/www.kevinkabona.fr\/wp-content\/uploads\/2024\/02\/Mystere-autour-de-Nemephis-3D-BOOK.webp 1500w\" sizes=\"(max-width: 1024px) 100vw, 1024px\" \/>\t\t\t\t\t\t\t\t\t\t\t\t\t\t\t<\/div>\n\t\t\t\t<\/div>\n\t\t\t\t<div class=\"elementor-element elementor-element-8601d8d elementor-widget elementor-widget-heading\" data-id=\"8601d8d\" data-element_type=\"widget\" data-e-type=\"widget\" data-widget_type=\"heading.default\">\n\t\t\t\t<div class=\"elementor-widget-container\">\n\t\t\t\t\t<h3 class=\"elementor-heading-title elementor-size-default\">Lire les premiers chapitres<\/h3>\t\t\t\t<\/div>\n\t\t\t\t<\/div>\n\t\t\t\t<div class=\"elementor-element elementor-element-22ca091 elementor-align-center elementor-widget elementor-widget-button\" data-id=\"22ca091\" data-element_type=\"widget\" data-e-type=\"widget\" data-widget_type=\"button.default\">\n\t\t\t\t<div class=\"elementor-widget-container\">\n\t\t\t\t\t\t\t\t\t<div class=\"elementor-button-wrapper\">\n\t\t\t\t\t<a class=\"elementor-button elementor-button-link elementor-size-sm\" href=\"https:\/\/www.kevinkabona.fr\/?page_id=1069\">\n\t\t\t\t\t\t<span class=\"elementor-button-content-wrapper\">\n\t\t\t\t\t\t\t\t\t<span class=\"elementor-button-text\">C'est pour moi<\/span>\n\t\t\t\t\t<\/span>\n\t\t\t\t\t<\/a>\n\t\t\t\t<\/div>\n\t\t\t\t\t\t\t\t<\/div>\n\t\t\t\t<\/div>\n\t\t\t\t\t<\/div>\n\t\t<\/div>\n\t\t\t\t\t<\/div>\n\t\t<\/section>\n\t\t\t\t<\/div>\n\t\t<\/div>\n\t\t\t\t\t\t<\/div>\n\t\t\t\t<\/div>\n\t\t\t\t\t<\/div>\n\t\t<\/div>\n\t\t\t\t\t<\/div>\n\t\t<\/section>\n\t\t\t\t<\/div>\n\t\t","protected":false},"excerpt":{"rendered":"<p>Dernier article Pourquoi j&#8217;ai choisi l&#8217;auto\u00e9dition ? L&#8217;\u00e9criture, r\u00e9serv\u00e9 \u00e0 une \u00e9lite ? Trouver sa passion<\/p>\n","protected":false},"author":1,"featured_media":0,"parent":0,"menu_order":0,"comment_status":"closed","ping_status":"closed","template":"elementor_header_footer","meta":{"_monsterinsights_skip_tracking":false,"_monsterinsights_sitenote_active":false,"_monsterinsights_sitenote_note":"","_monsterinsights_sitenote_category":0,"footnotes":""},"class_list":["post-1201","page","type-page","status-publish","hentry","entry","owp-thumbs-layout-horizontal","owp-btn-normal","owp-tabs-layout-horizontal","has-no-thumbnails","has-product-nav"],"yoast_head":"<!-- This site is optimized with the Yoast SEO plugin v27.5 - https:\/\/yoast.com\/product\/yoast-seo-wordpress\/ -->\n<title>Blog - kevinkabona<\/title>\n<meta name=\"description\" content=\"Tous les articles de blog et toutes les actualit\u00e9s (\u00e9criture, lecture, salons et d\u00e9dicaces) de Kevin Kabona, auteur de fantasy\" \/>\n<meta name=\"robots\" content=\"index, follow, max-snippet:-1, max-image-preview:large, max-video-preview:-1\" \/>\n<link rel=\"canonical\" href=\"https:\/\/www.kevinkabona.fr\/?page_id=1201\" \/>\n<meta property=\"og:locale\" content=\"fr_FR\" \/>\n<meta property=\"og:type\" content=\"article\" \/>\n<meta property=\"og:title\" content=\"Blog - kevinkabona\" \/>\n<meta property=\"og:description\" content=\"Tous les articles de blog et toutes les actualit\u00e9s (\u00e9criture, lecture, salons et d\u00e9dicaces) de Kevin Kabona, auteur de fantasy\" \/>\n<meta property=\"og:url\" content=\"https:\/\/www.kevinkabona.fr\/?page_id=1201\" \/>\n<meta property=\"og:site_name\" content=\"kevinkabona\" \/>\n<meta property=\"article:modified_time\" content=\"2024-06-10T08:21:16+00:00\" \/>\n<meta name=\"twitter:card\" content=\"summary_large_image\" \/>\n<meta name=\"twitter:label1\" content=\"Dur\u00e9e de lecture estim\u00e9e\" \/>\n\t<meta name=\"twitter:data1\" content=\"1 minute\" \/>\n<script type=\"application\/ld+json\" class=\"yoast-schema-graph\">{\"@context\":\"https:\\\/\\\/schema.org\",\"@graph\":[{\"@type\":\"WebPage\",\"@id\":\"https:\\\/\\\/www.kevinkabona.fr\\\/?page_id=1201\",\"url\":\"https:\\\/\\\/www.kevinkabona.fr\\\/?page_id=1201\",\"name\":\"Blog - kevinkabona\",\"isPartOf\":{\"@id\":\"https:\\\/\\\/www.kevinkabona.fr\\\/#website\"},\"datePublished\":\"2024-02-05T13:45:17+00:00\",\"dateModified\":\"2024-06-10T08:21:16+00:00\",\"description\":\"Tous les articles de blog et toutes les actualit\u00e9s (\u00e9criture, lecture, salons et d\u00e9dicaces) de Kevin Kabona, auteur de fantasy\",\"breadcrumb\":{\"@id\":\"https:\\\/\\\/www.kevinkabona.fr\\\/?page_id=1201#breadcrumb\"},\"inLanguage\":\"fr-FR\",\"potentialAction\":[{\"@type\":\"ReadAction\",\"target\":[\"https:\\\/\\\/www.kevinkabona.fr\\\/?page_id=1201\"]}]},{\"@type\":\"BreadcrumbList\",\"@id\":\"https:\\\/\\\/www.kevinkabona.fr\\\/?page_id=1201#breadcrumb\",\"itemListElement\":[{\"@type\":\"ListItem\",\"position\":1,\"name\":\"Accueil\",\"item\":\"https:\\\/\\\/www.kevinkabona.fr\\\/\"},{\"@type\":\"ListItem\",\"position\":2,\"name\":\"Blog\"}]},{\"@type\":\"WebSite\",\"@id\":\"https:\\\/\\\/www.kevinkabona.fr\\\/#website\",\"url\":\"https:\\\/\\\/www.kevinkabona.fr\\\/\",\"name\":\"kevinkabona\",\"description\":\"Auteur de Fantasy\",\"potentialAction\":[{\"@type\":\"SearchAction\",\"target\":{\"@type\":\"EntryPoint\",\"urlTemplate\":\"https:\\\/\\\/www.kevinkabona.fr\\\/?s={search_term_string}\"},\"query-input\":{\"@type\":\"PropertyValueSpecification\",\"valueRequired\":true,\"valueName\":\"search_term_string\"}}],\"inLanguage\":\"fr-FR\"}]}<\/script>\n<!-- \/ Yoast SEO plugin. -->","yoast_head_json":{"title":"Blog - kevinkabona","description":"Tous les articles de blog et toutes les actualit\u00e9s (\u00e9criture, lecture, salons et d\u00e9dicaces) de Kevin Kabona, auteur de fantasy","robots":{"index":"index","follow":"follow","max-snippet":"max-snippet:-1","max-image-preview":"max-image-preview:large","max-video-preview":"max-video-preview:-1"},"canonical":"https:\/\/www.kevinkabona.fr\/?page_id=1201","og_locale":"fr_FR","og_type":"article","og_title":"Blog - kevinkabona","og_description":"Tous les articles de blog et toutes les actualit\u00e9s (\u00e9criture, lecture, salons et d\u00e9dicaces) de Kevin Kabona, auteur de fantasy","og_url":"https:\/\/www.kevinkabona.fr\/?page_id=1201","og_site_name":"kevinkabona","article_modified_time":"2024-06-10T08:21:16+00:00","twitter_card":"summary_large_image","twitter_misc":{"Dur\u00e9e de lecture estim\u00e9e":"1 minute"},"schema":{"@context":"https:\/\/schema.org","@graph":[{"@type":"WebPage","@id":"https:\/\/www.kevinkabona.fr\/?page_id=1201","url":"https:\/\/www.kevinkabona.fr\/?page_id=1201","name":"Blog - kevinkabona","isPartOf":{"@id":"https:\/\/www.kevinkabona.fr\/#website"},"datePublished":"2024-02-05T13:45:17+00:00","dateModified":"2024-06-10T08:21:16+00:00","description":"Tous les articles de blog et toutes les actualit\u00e9s (\u00e9criture, lecture, salons et d\u00e9dicaces) de Kevin Kabona, auteur de fantasy","breadcrumb":{"@id":"https:\/\/www.kevinkabona.fr\/?page_id=1201#breadcrumb"},"inLanguage":"fr-FR","potentialAction":[{"@type":"ReadAction","target":["https:\/\/www.kevinkabona.fr\/?page_id=1201"]}]},{"@type":"BreadcrumbList","@id":"https:\/\/www.kevinkabona.fr\/?page_id=1201#breadcrumb","itemListElement":[{"@type":"ListItem","position":1,"name":"Accueil","item":"https:\/\/www.kevinkabona.fr\/"},{"@type":"ListItem","position":2,"name":"Blog"}]},{"@type":"WebSite","@id":"https:\/\/www.kevinkabona.fr\/#website","url":"https:\/\/www.kevinkabona.fr\/","name":"kevinkabona","description":"Auteur de Fantasy","potentialAction":[{"@type":"SearchAction","target":{"@type":"EntryPoint","urlTemplate":"https:\/\/www.kevinkabona.fr\/?s={search_term_string}"},"query-input":{"@type":"PropertyValueSpecification","valueRequired":true,"valueName":"search_term_string"}}],"inLanguage":"fr-FR"}]}},"_links":{"self":[{"href":"https:\/\/www.kevinkabona.fr\/index.php?rest_route=\/wp\/v2\/pages\/1201","targetHints":{"allow":["GET"]}}],"collection":[{"href":"https:\/\/www.kevinkabona.fr\/index.php?rest_route=\/wp\/v2\/pages"}],"about":[{"href":"https:\/\/www.kevinkabona.fr\/index.php?rest_route=\/wp\/v2\/types\/page"}],"author":[{"embeddable":true,"href":"https:\/\/www.kevinkabona.fr\/index.php?rest_route=\/wp\/v2\/users\/1"}],"replies":[{"embeddable":true,"href":"https:\/\/www.kevinkabona.fr\/index.php?rest_route=%2Fwp%2Fv2%2Fcomments&post=1201"}],"version-history":[{"count":49,"href":"https:\/\/www.kevinkabona.fr\/index.php?rest_route=\/wp\/v2\/pages\/1201\/revisions"}],"predecessor-version":[{"id":2899,"href":"https:\/\/www.kevinkabona.fr\/index.php?rest_route=\/wp\/v2\/pages\/1201\/revisions\/2899"}],"wp:attachment":[{"href":"https:\/\/www.kevinkabona.fr\/index.php?rest_route=%2Fwp%2Fv2%2Fmedia&parent=1201"}],"curies":[{"name":"wp","href":"https:\/\/api.w.org\/{rel}","templated":true}]}}